{"id":268130,"date":"2025-02-06T19:22:55","date_gmt":"2025-02-06T22:22:55","guid":{"rendered":"https:\/\/www.moleca.com.br\/home\/"},"modified":"2025-02-06T19:22:55","modified_gmt":"2025-02-06T22:22:55","slug":"home","status":"publish","type":"page","link":"https:\/\/www.moleca.com.br\/en\/","title":{"rendered":"Home"},"content":{"rendered":"","protected":false},"excerpt":{"rendered":"","protected":false},"author":1,"featured_media":994852,"parent":0,"menu_order":0,"comment_status":"closed","ping_status":"closed","template":"","meta":{"_acf_changed":false,"footnotes":""},"class_list":["post-268130","page","type-page","status-publish","has-post-thumbnail","hentry"],"acf":[],"yoast_head":"<!-- This site is optimized with the Yoast SEO plugin v25.5 - https:\/\/yoast.com\/wordpress\/plugins\/seo\/ -->\n<title>Home - Moleca<\/title>\n<meta name=\"description\" content=\"Desde 1986, Moleca est\u00e1 ao lado das it girls, conectando moda, sustentabilidade e acessibilidade. Com presen\u00e7a global em 100 pa\u00edses, a marca carrega no DNA um design incr\u00edvel e o compromisso com energia limpa e produ\u00e7\u00e3o sem insumos de origem animal. Moleca n\u00e3o \u00e9 s\u00f3 moda, \u00e9 sua vibe traduzida em cada detalhe. Para todas as gera\u00e7\u00f5es, de todos os estilos.\" \/>\n<meta name=\"robots\" content=\"index, follow, max-snippet:-1, max-image-preview:large, max-video-preview:-1\" \/>\n<link rel=\"canonical\" href=\"https:\/\/www.moleca.com.br\/en\/\" \/>\n<meta property=\"og:locale\" content=\"en_US\" \/>\n<meta property=\"og:type\" content=\"article\" \/>\n<meta property=\"og:title\" content=\"Home - Moleca\" \/>\n<meta property=\"og:description\" content=\"Desde 1986, Moleca est\u00e1 ao lado das it girls, conectando moda, sustentabilidade e acessibilidade. Com presen\u00e7a global em 100 pa\u00edses, a marca carrega no DNA um design incr\u00edvel e o compromisso com energia limpa e produ\u00e7\u00e3o sem insumos de origem animal. Moleca n\u00e3o \u00e9 s\u00f3 moda, \u00e9 sua vibe traduzida em cada detalhe. Para todas as gera\u00e7\u00f5es, de todos os estilos.\" \/>\n<meta property=\"og:url\" content=\"https:\/\/www.moleca.com.br\/en\/\" \/>\n<meta property=\"og:site_name\" content=\"Moleca\" \/>\n<meta property=\"article:publisher\" content=\"https:\/\/www.facebook.com\/moleca.oficial\" \/>\n<meta property=\"og:image\" content=\"https:\/\/www.moleca.com.br\/wp-content\/uploads\/2025\/06\/MOLECA_01.jpg\" \/>\n\t<meta property=\"og:image:width\" content=\"2000\" \/>\n\t<meta property=\"og:image:height\" content=\"1500\" \/>\n\t<meta property=\"og:image:type\" content=\"image\/jpeg\" \/>\n<meta name=\"twitter:card\" content=\"summary_large_image\" \/>\n<script type=\"application\/ld+json\" class=\"yoast-schema-graph\">{\"@context\":\"https:\/\/schema.org\",\"@graph\":[{\"@type\":\"WebPage\",\"@id\":\"https:\/\/www.moleca.com.br\/en\/\",\"url\":\"https:\/\/www.moleca.com.br\/en\/\",\"name\":\"Home - Moleca\",\"isPartOf\":{\"@id\":\"https:\/\/www.moleca.com.br\/es\/#website\"},\"primaryImageOfPage\":{\"@id\":\"https:\/\/www.moleca.com.br\/en\/#primaryimage\"},\"image\":{\"@id\":\"https:\/\/www.moleca.com.br\/en\/#primaryimage\"},\"thumbnailUrl\":\"https:\/\/www.moleca.com.br\/wp-content\/uploads\/2026\/05\/Ana-Castela-1200x630px.jpeg\",\"datePublished\":\"2025-02-06T22:22:55+00:00\",\"description\":\"Desde 1986, Moleca est\u00e1 ao lado das it girls, conectando moda, sustentabilidade e acessibilidade. Com presen\u00e7a global em 100 pa\u00edses, a marca carrega no DNA um design incr\u00edvel e o compromisso com energia limpa e produ\u00e7\u00e3o sem insumos de origem animal. Moleca n\u00e3o \u00e9 s\u00f3 moda, \u00e9 sua vibe traduzida em cada detalhe. Para todas as gera\u00e7\u00f5es, de todos os estilos.\",\"breadcrumb\":{\"@id\":\"https:\/\/www.moleca.com.br\/en\/#breadcrumb\"},\"inLanguage\":\"en-US\",\"potentialAction\":[{\"@type\":\"ReadAction\",\"target\":[\"https:\/\/www.moleca.com.br\/en\/\"]}]},{\"@type\":\"ImageObject\",\"inLanguage\":\"en-US\",\"@id\":\"https:\/\/www.moleca.com.br\/en\/#primaryimage\",\"url\":\"https:\/\/www.moleca.com.br\/wp-content\/uploads\/2026\/05\/Ana-Castela-1200x630px.jpeg\",\"contentUrl\":\"https:\/\/www.moleca.com.br\/wp-content\/uploads\/2026\/05\/Ana-Castela-1200x630px.jpeg\",\"width\":1200,\"height\":630},{\"@type\":\"BreadcrumbList\",\"@id\":\"https:\/\/www.moleca.com.br\/en\/#breadcrumb\",\"itemListElement\":[{\"@type\":\"ListItem\",\"position\":1,\"name\":\"In\u00edcio\",\"item\":\"https:\/\/www.moleca.com.br\/en\/\"},{\"@type\":\"ListItem\",\"position\":2,\"name\":\"Home\"}]},{\"@type\":\"WebSite\",\"@id\":\"https:\/\/www.moleca.com.br\/es\/#website\",\"url\":\"https:\/\/www.moleca.com.br\/es\/\",\"name\":\"Moleca\",\"description\":\"Voc\u00ea est\u00e1 convidada para viver a nova cole\u00e7\u00e3o Moleca.\",\"publisher\":{\"@id\":\"https:\/\/www.moleca.com.br\/es\/#organization\"},\"alternateName\":\"Moleca\",\"potentialAction\":[{\"@type\":\"SearchAction\",\"target\":{\"@type\":\"EntryPoint\",\"urlTemplate\":\"https:\/\/www.moleca.com.br\/es\/?s={search_term_string}\"},\"query-input\":{\"@type\":\"PropertyValueSpecification\",\"valueRequired\":true,\"valueName\":\"search_term_string\"}}],\"inLanguage\":\"en-US\"},{\"@type\":\"Organization\",\"@id\":\"https:\/\/www.moleca.com.br\/es\/#organization\",\"name\":\"Moleca\",\"url\":\"https:\/\/www.moleca.com.br\/es\/\",\"logo\":{\"@type\":\"ImageObject\",\"inLanguage\":\"en-US\",\"@id\":\"https:\/\/www.moleca.com.br\/es\/#\/schema\/logo\/image\/\",\"url\":\"https:\/\/www.moleca.com.br\/wp-content\/uploads\/2025\/01\/LOGO_SITE_MOLECA_25_ROSA_Prancheta-1.png\",\"contentUrl\":\"https:\/\/www.moleca.com.br\/wp-content\/uploads\/2025\/01\/LOGO_SITE_MOLECA_25_ROSA_Prancheta-1.png\",\"width\":350,\"height\":100,\"caption\":\"Moleca\"},\"image\":{\"@id\":\"https:\/\/www.moleca.com.br\/es\/#\/schema\/logo\/image\/\"},\"sameAs\":[\"https:\/\/www.facebook.com\/moleca.oficial\",\"https:\/\/www.tiktok.com\/@moleca_oficial\",\"https:\/\/www.instagram.com\/moleca_oficial\",\"https:\/\/www.youtube.com\/@Moleca.oficial\/featured\",\"https:\/\/br.pinterest.com\/moleca_oficial\/\"]}]}<\/script>\n<!-- \/ Yoast SEO plugin. -->","yoast_head_json":{"title":"Home - Moleca","description":"Desde 1986, Moleca est\u00e1 ao lado das it girls, conectando moda, sustentabilidade e acessibilidade. Com presen\u00e7a global em 100 pa\u00edses, a marca carrega no DNA um design incr\u00edvel e o compromisso com energia limpa e produ\u00e7\u00e3o sem insumos de origem animal. Moleca n\u00e3o \u00e9 s\u00f3 moda, \u00e9 sua vibe traduzida em cada detalhe. Para todas as gera\u00e7\u00f5es, de todos os estilos.","robots":{"index":"index","follow":"follow","max-snippet":"max-snippet:-1","max-image-preview":"max-image-preview:large","max-video-preview":"max-video-preview:-1"},"canonical":"https:\/\/www.moleca.com.br\/en\/","og_locale":"en_US","og_type":"article","og_title":"Home - Moleca","og_description":"Desde 1986, Moleca est\u00e1 ao lado das it girls, conectando moda, sustentabilidade e acessibilidade. Com presen\u00e7a global em 100 pa\u00edses, a marca carrega no DNA um design incr\u00edvel e o compromisso com energia limpa e produ\u00e7\u00e3o sem insumos de origem animal. Moleca n\u00e3o \u00e9 s\u00f3 moda, \u00e9 sua vibe traduzida em cada detalhe. Para todas as gera\u00e7\u00f5es, de todos os estilos.","og_url":"https:\/\/www.moleca.com.br\/en\/","og_site_name":"Moleca","article_publisher":"https:\/\/www.facebook.com\/moleca.oficial","og_image":[{"width":2000,"height":1500,"url":"https:\/\/www.moleca.com.br\/wp-content\/uploads\/2025\/06\/MOLECA_01.jpg","type":"image\/jpeg"}],"twitter_card":"summary_large_image","schema":{"@context":"https:\/\/schema.org","@graph":[{"@type":"WebPage","@id":"https:\/\/www.moleca.com.br\/en\/","url":"https:\/\/www.moleca.com.br\/en\/","name":"Home - Moleca","isPartOf":{"@id":"https:\/\/www.moleca.com.br\/es\/#website"},"primaryImageOfPage":{"@id":"https:\/\/www.moleca.com.br\/en\/#primaryimage"},"image":{"@id":"https:\/\/www.moleca.com.br\/en\/#primaryimage"},"thumbnailUrl":"https:\/\/www.moleca.com.br\/wp-content\/uploads\/2026\/05\/Ana-Castela-1200x630px.jpeg","datePublished":"2025-02-06T22:22:55+00:00","description":"Desde 1986, Moleca est\u00e1 ao lado das it girls, conectando moda, sustentabilidade e acessibilidade. Com presen\u00e7a global em 100 pa\u00edses, a marca carrega no DNA um design incr\u00edvel e o compromisso com energia limpa e produ\u00e7\u00e3o sem insumos de origem animal. Moleca n\u00e3o \u00e9 s\u00f3 moda, \u00e9 sua vibe traduzida em cada detalhe. Para todas as gera\u00e7\u00f5es, de todos os estilos.","breadcrumb":{"@id":"https:\/\/www.moleca.com.br\/en\/#breadcrumb"},"inLanguage":"en-US","potentialAction":[{"@type":"ReadAction","target":["https:\/\/www.moleca.com.br\/en\/"]}]},{"@type":"ImageObject","inLanguage":"en-US","@id":"https:\/\/www.moleca.com.br\/en\/#primaryimage","url":"https:\/\/www.moleca.com.br\/wp-content\/uploads\/2026\/05\/Ana-Castela-1200x630px.jpeg","contentUrl":"https:\/\/www.moleca.com.br\/wp-content\/uploads\/2026\/05\/Ana-Castela-1200x630px.jpeg","width":1200,"height":630},{"@type":"BreadcrumbList","@id":"https:\/\/www.moleca.com.br\/en\/#breadcrumb","itemListElement":[{"@type":"ListItem","position":1,"name":"In\u00edcio","item":"https:\/\/www.moleca.com.br\/en\/"},{"@type":"ListItem","position":2,"name":"Home"}]},{"@type":"WebSite","@id":"https:\/\/www.moleca.com.br\/es\/#website","url":"https:\/\/www.moleca.com.br\/es\/","name":"Moleca","description":"Voc\u00ea est\u00e1 convidada para viver a nova cole\u00e7\u00e3o Moleca.","publisher":{"@id":"https:\/\/www.moleca.com.br\/es\/#organization"},"alternateName":"Moleca","potentialAction":[{"@type":"SearchAction","target":{"@type":"EntryPoint","urlTemplate":"https:\/\/www.moleca.com.br\/es\/?s={search_term_string}"},"query-input":{"@type":"PropertyValueSpecification","valueRequired":true,"valueName":"search_term_string"}}],"inLanguage":"en-US"},{"@type":"Organization","@id":"https:\/\/www.moleca.com.br\/es\/#organization","name":"Moleca","url":"https:\/\/www.moleca.com.br\/es\/","logo":{"@type":"ImageObject","inLanguage":"en-US","@id":"https:\/\/www.moleca.com.br\/es\/#\/schema\/logo\/image\/","url":"https:\/\/www.moleca.com.br\/wp-content\/uploads\/2025\/01\/LOGO_SITE_MOLECA_25_ROSA_Prancheta-1.png","contentUrl":"https:\/\/www.moleca.com.br\/wp-content\/uploads\/2025\/01\/LOGO_SITE_MOLECA_25_ROSA_Prancheta-1.png","width":350,"height":100,"caption":"Moleca"},"image":{"@id":"https:\/\/www.moleca.com.br\/es\/#\/schema\/logo\/image\/"},"sameAs":["https:\/\/www.facebook.com\/moleca.oficial","https:\/\/www.tiktok.com\/@moleca_oficial","https:\/\/www.instagram.com\/moleca_oficial","https:\/\/www.youtube.com\/@Moleca.oficial\/featured","https:\/\/br.pinterest.com\/moleca_oficial\/"]}]}},"_links":{"self":[{"href":"https:\/\/www.moleca.com.br\/en\/wp-json\/wp\/v2\/pages\/268130","targetHints":{"allow":["GET"]}}],"collection":[{"href":"https:\/\/www.moleca.com.br\/en\/wp-json\/wp\/v2\/pages"}],"about":[{"href":"https:\/\/www.moleca.com.br\/en\/wp-json\/wp\/v2\/types\/page"}],"author":[{"embeddable":true,"href":"https:\/\/www.moleca.com.br\/en\/wp-json\/wp\/v2\/users\/1"}],"replies":[{"embeddable":true,"href":"https:\/\/www.moleca.com.br\/en\/wp-json\/wp\/v2\/comments?post=268130"}],"version-history":[{"count":0,"href":"https:\/\/www.moleca.com.br\/en\/wp-json\/wp\/v2\/pages\/268130\/revisions"}],"wp:featuredmedia":[{"embeddable":true,"href":"https:\/\/www.moleca.com.br\/en\/wp-json\/wp\/v2\/media\/994852"}],"wp:attachment":[{"href":"https:\/\/www.moleca.com.br\/en\/wp-json\/wp\/v2\/media?parent=268130"}],"curies":[{"name":"wp","href":"https:\/\/api.w.org\/{rel}","templated":true}]}}