{"id":992672,"date":"2025-11-06T06:12:56","date_gmt":"2025-11-06T09:12:56","guid":{"rendered":"https:\/\/www.moleca.com.br\/produto\/ref-5346-108\/"},"modified":"2025-11-06T06:13:02","modified_gmt":"2025-11-06T09:13:02","slug":"ref-5346-108","status":"publish","type":"product","link":"https:\/\/www.moleca.com.br\/en\/produto\/ref-5346-108\/","title":{"rendered":"REF. 5346.108"},"content":{"rendered":"","protected":false},"excerpt":{"rendered":"","protected":false},"featured_media":992681,"comment_status":"open","ping_status":"closed","template":"","meta":{"_acf_changed":false},"product_brand":[],"product_cat":[46],"product_tag":[],"class_list":{"0":"post-992672","1":"product","2":"type-product","3":"status-publish","4":"has-post-thumbnail","6":"product_cat-botas","8":"first","9":"instock","10":"shipping-taxable","11":"purchasable","12":"product-type-simple"},"acf":[],"yoast_head":"<!-- This site is optimized with the Yoast SEO plugin v25.5 - https:\/\/yoast.com\/wordpress\/plugins\/seo\/ -->\n<title>REF. 5346.108 - Moleca<\/title>\n<meta name=\"robots\" content=\"index, follow, max-snippet:-1, max-image-preview:large, max-video-preview:-1\" \/>\n<link rel=\"canonical\" href=\"https:\/\/www.moleca.com.br\/produto\/ref-5346-108\/\" \/>\n<meta property=\"og:locale\" content=\"en_US\" \/>\n<meta property=\"og:type\" content=\"article\" \/>\n<meta property=\"og:title\" content=\"REF. 5346.108 - Moleca\" \/>\n<meta property=\"og:url\" content=\"https:\/\/www.moleca.com.br\/produto\/ref-5346-108\/\" \/>\n<meta property=\"og:site_name\" content=\"Moleca\" \/>\n<meta property=\"article:publisher\" content=\"https:\/\/www.facebook.com\/moleca.oficial\" \/>\n<meta property=\"article:modified_time\" content=\"2025-11-06T09:13:02+00:00\" \/>\n<meta property=\"og:image\" content=\"https:\/\/s3-sa-east-1.amazonaws.com\/imagens.catalogobeirario.com.br\/grandes\/5346-108-31272-100196.jpg\" \/>\n<meta name=\"twitter:card\" content=\"summary_large_image\" \/>\n<meta name=\"twitter:image\" content=\"https:\/\/s3-sa-east-1.amazonaws.com\/imagens.catalogobeirario.com.br\/grandes\/5346-108-31272-100196.jpg\" \/>\n<script type=\"application\/ld+json\" class=\"yoast-schema-graph\">{\"@context\":\"https:\/\/schema.org\",\"@graph\":[{\"@type\":\"WebPage\",\"@id\":\"https:\/\/www.moleca.com.br\/produto\/ref-5346-108\/\",\"url\":\"https:\/\/www.moleca.com.br\/produto\/ref-5346-108\/\",\"name\":\"REF. 5346.108 - Moleca\",\"isPartOf\":{\"@id\":\"https:\/\/www.moleca.com.br\/es\/#website\"},\"primaryImageOfPage\":{\"@id\":\"https:\/\/www.moleca.com.br\/produto\/ref-5346-108\/#primaryimage\"},\"image\":{\"@id\":\"https:\/\/www.moleca.com.br\/produto\/ref-5346-108\/#primaryimage\"},\"thumbnailUrl\":\"https:\/\/s3-sa-east-1.amazonaws.com\/imagens.catalogobeirario.com.br\/grandes\/5346-108-31272-100196.jpg\",\"datePublished\":\"2025-11-06T09:12:56+00:00\",\"dateModified\":\"2025-11-06T09:13:02+00:00\",\"breadcrumb\":{\"@id\":\"https:\/\/www.moleca.com.br\/produto\/ref-5346-108\/#breadcrumb\"},\"inLanguage\":\"en-US\",\"potentialAction\":[{\"@type\":\"ReadAction\",\"target\":[\"https:\/\/www.moleca.com.br\/produto\/ref-5346-108\/\"]}]},{\"@type\":\"ImageObject\",\"inLanguage\":\"en-US\",\"@id\":\"https:\/\/www.moleca.com.br\/produto\/ref-5346-108\/#primaryimage\",\"url\":\"https:\/\/s3-sa-east-1.amazonaws.com\/imagens.catalogobeirario.com.br\/grandes\/5346-108-31272-100196.jpg\",\"contentUrl\":\"https:\/\/s3-sa-east-1.amazonaws.com\/imagens.catalogobeirario.com.br\/grandes\/5346-108-31272-100196.jpg\"},{\"@type\":\"BreadcrumbList\",\"@id\":\"https:\/\/www.moleca.com.br\/produto\/ref-5346-108\/#breadcrumb\",\"itemListElement\":[{\"@type\":\"ListItem\",\"position\":1,\"name\":\"In\u00edcio\",\"item\":\"https:\/\/www.moleca.com.br\/en\/\"},{\"@type\":\"ListItem\",\"position\":2,\"name\":\"Loja\",\"item\":\"https:\/\/www.moleca.com.br\/loja\/\"},{\"@type\":\"ListItem\",\"position\":3,\"name\":\"REF. 5346.108\"}]},{\"@type\":\"WebSite\",\"@id\":\"https:\/\/www.moleca.com.br\/es\/#website\",\"url\":\"https:\/\/www.moleca.com.br\/es\/\",\"name\":\"Moleca\",\"description\":\"Voc\u00ea est\u00e1 convidada para viver a nova cole\u00e7\u00e3o Moleca.\",\"publisher\":{\"@id\":\"https:\/\/www.moleca.com.br\/es\/#organization\"},\"alternateName\":\"Moleca\",\"potentialAction\":[{\"@type\":\"SearchAction\",\"target\":{\"@type\":\"EntryPoint\",\"urlTemplate\":\"https:\/\/www.moleca.com.br\/es\/?s={search_term_string}\"},\"query-input\":{\"@type\":\"PropertyValueSpecification\",\"valueRequired\":true,\"valueName\":\"search_term_string\"}}],\"inLanguage\":\"en-US\"},{\"@type\":\"Organization\",\"@id\":\"https:\/\/www.moleca.com.br\/es\/#organization\",\"name\":\"Moleca\",\"url\":\"https:\/\/www.moleca.com.br\/es\/\",\"logo\":{\"@type\":\"ImageObject\",\"inLanguage\":\"en-US\",\"@id\":\"https:\/\/www.moleca.com.br\/es\/#\/schema\/logo\/image\/\",\"url\":\"https:\/\/www.moleca.com.br\/wp-content\/uploads\/2025\/01\/LOGO_SITE_MOLECA_25_ROSA_Prancheta-1.png\",\"contentUrl\":\"https:\/\/www.moleca.com.br\/wp-content\/uploads\/2025\/01\/LOGO_SITE_MOLECA_25_ROSA_Prancheta-1.png\",\"width\":350,\"height\":100,\"caption\":\"Moleca\"},\"image\":{\"@id\":\"https:\/\/www.moleca.com.br\/es\/#\/schema\/logo\/image\/\"},\"sameAs\":[\"https:\/\/www.facebook.com\/moleca.oficial\",\"https:\/\/www.tiktok.com\/@moleca_oficial\",\"https:\/\/www.instagram.com\/moleca_oficial\",\"https:\/\/www.youtube.com\/@Moleca.oficial\/featured\",\"https:\/\/br.pinterest.com\/moleca_oficial\/\"]}]}<\/script>\n<!-- \/ Yoast SEO plugin. -->","yoast_head_json":{"title":"REF. 5346.108 - Moleca","robots":{"index":"index","follow":"follow","max-snippet":"max-snippet:-1","max-image-preview":"max-image-preview:large","max-video-preview":"max-video-preview:-1"},"canonical":"https:\/\/www.moleca.com.br\/produto\/ref-5346-108\/","og_locale":"en_US","og_type":"article","og_title":"REF. 5346.108 - Moleca","og_url":"https:\/\/www.moleca.com.br\/produto\/ref-5346-108\/","og_site_name":"Moleca","article_publisher":"https:\/\/www.facebook.com\/moleca.oficial","article_modified_time":"2025-11-06T09:13:02+00:00","og_image":[{"url":"https:\/\/s3-sa-east-1.amazonaws.com\/imagens.catalogobeirario.com.br\/grandes\/5346-108-31272-100196.jpg","type":"","width":"","height":""}],"twitter_card":"summary_large_image","twitter_image":"https:\/\/s3-sa-east-1.amazonaws.com\/imagens.catalogobeirario.com.br\/grandes\/5346-108-31272-100196.jpg","schema":{"@context":"https:\/\/schema.org","@graph":[{"@type":"WebPage","@id":"https:\/\/www.moleca.com.br\/produto\/ref-5346-108\/","url":"https:\/\/www.moleca.com.br\/produto\/ref-5346-108\/","name":"REF. 5346.108 - Moleca","isPartOf":{"@id":"https:\/\/www.moleca.com.br\/es\/#website"},"primaryImageOfPage":{"@id":"https:\/\/www.moleca.com.br\/produto\/ref-5346-108\/#primaryimage"},"image":{"@id":"https:\/\/www.moleca.com.br\/produto\/ref-5346-108\/#primaryimage"},"thumbnailUrl":"https:\/\/s3-sa-east-1.amazonaws.com\/imagens.catalogobeirario.com.br\/grandes\/5346-108-31272-100196.jpg","datePublished":"2025-11-06T09:12:56+00:00","dateModified":"2025-11-06T09:13:02+00:00","breadcrumb":{"@id":"https:\/\/www.moleca.com.br\/produto\/ref-5346-108\/#breadcrumb"},"inLanguage":"en-US","potentialAction":[{"@type":"ReadAction","target":["https:\/\/www.moleca.com.br\/produto\/ref-5346-108\/"]}]},{"@type":"ImageObject","inLanguage":"en-US","@id":"https:\/\/www.moleca.com.br\/produto\/ref-5346-108\/#primaryimage","url":"https:\/\/s3-sa-east-1.amazonaws.com\/imagens.catalogobeirario.com.br\/grandes\/5346-108-31272-100196.jpg","contentUrl":"https:\/\/s3-sa-east-1.amazonaws.com\/imagens.catalogobeirario.com.br\/grandes\/5346-108-31272-100196.jpg"},{"@type":"BreadcrumbList","@id":"https:\/\/www.moleca.com.br\/produto\/ref-5346-108\/#breadcrumb","itemListElement":[{"@type":"ListItem","position":1,"name":"In\u00edcio","item":"https:\/\/www.moleca.com.br\/en\/"},{"@type":"ListItem","position":2,"name":"Loja","item":"https:\/\/www.moleca.com.br\/loja\/"},{"@type":"ListItem","position":3,"name":"REF. 5346.108"}]},{"@type":"WebSite","@id":"https:\/\/www.moleca.com.br\/es\/#website","url":"https:\/\/www.moleca.com.br\/es\/","name":"Moleca","description":"Voc\u00ea est\u00e1 convidada para viver a nova cole\u00e7\u00e3o Moleca.","publisher":{"@id":"https:\/\/www.moleca.com.br\/es\/#organization"},"alternateName":"Moleca","potentialAction":[{"@type":"SearchAction","target":{"@type":"EntryPoint","urlTemplate":"https:\/\/www.moleca.com.br\/es\/?s={search_term_string}"},"query-input":{"@type":"PropertyValueSpecification","valueRequired":true,"valueName":"search_term_string"}}],"inLanguage":"en-US"},{"@type":"Organization","@id":"https:\/\/www.moleca.com.br\/es\/#organization","name":"Moleca","url":"https:\/\/www.moleca.com.br\/es\/","logo":{"@type":"ImageObject","inLanguage":"en-US","@id":"https:\/\/www.moleca.com.br\/es\/#\/schema\/logo\/image\/","url":"https:\/\/www.moleca.com.br\/wp-content\/uploads\/2025\/01\/LOGO_SITE_MOLECA_25_ROSA_Prancheta-1.png","contentUrl":"https:\/\/www.moleca.com.br\/wp-content\/uploads\/2025\/01\/LOGO_SITE_MOLECA_25_ROSA_Prancheta-1.png","width":350,"height":100,"caption":"Moleca"},"image":{"@id":"https:\/\/www.moleca.com.br\/es\/#\/schema\/logo\/image\/"},"sameAs":["https:\/\/www.facebook.com\/moleca.oficial","https:\/\/www.tiktok.com\/@moleca_oficial","https:\/\/www.instagram.com\/moleca_oficial","https:\/\/www.youtube.com\/@Moleca.oficial\/featured","https:\/\/br.pinterest.com\/moleca_oficial\/"]}]}},"fifu_image_url":"https:\/\/s3-sa-east-1.amazonaws.com\/imagens.catalogobeirario.com.br\/grandes\/5346-108-31272-100196.jpg","_links":{"self":[{"href":"https:\/\/www.moleca.com.br\/en\/wp-json\/wp\/v2\/product\/992672","targetHints":{"allow":["GET"]}}],"collection":[{"href":"https:\/\/www.moleca.com.br\/en\/wp-json\/wp\/v2\/product"}],"about":[{"href":"https:\/\/www.moleca.com.br\/en\/wp-json\/wp\/v2\/types\/product"}],"replies":[{"embeddable":true,"href":"https:\/\/www.moleca.com.br\/en\/wp-json\/wp\/v2\/comments?post=992672"}],"wp:featuredmedia":[{"embeddable":true,"href":"https:\/\/www.moleca.com.br\/en\/wp-json\/wp\/v2\/media\/992681"}],"wp:attachment":[{"href":"https:\/\/www.moleca.com.br\/en\/wp-json\/wp\/v2\/media?parent=992672"}],"wp:term":[{"taxonomy":"product_brand","embeddable":true,"href":"https:\/\/www.moleca.com.br\/en\/wp-json\/wp\/v2\/product_brand?post=992672"},{"taxonomy":"product_cat","embeddable":true,"href":"https:\/\/www.moleca.com.br\/en\/wp-json\/wp\/v2\/product_cat?post=992672"},{"taxonomy":"product_tag","embeddable":true,"href":"https:\/\/www.moleca.com.br\/en\/wp-json\/wp\/v2\/product_tag?post=992672"}],"curies":[{"name":"wp","href":"https:\/\/api.w.org\/{rel}","templated":true}]}}